{"id":465,"date":"2013-01-07T00:10:45","date_gmt":"2013-01-07T00:10:45","guid":{"rendered":"https:\/\/www.youthrushcentral.com\/?page_id=465"},"modified":"2026-01-16T21:13:17","modified_gmt":"2026-01-16T21:13:17","slug":"student-testimonies","status":"publish","type":"page","link":"https:\/\/www.youthrushcentral.com\/es\/student-testimonies\/","title":{"rendered":"Parents"},"content":{"rendered":"<h3 style=\"text-align: center;\">Youth Rush Parent Orientation will be May 3, 2026 at 4PM via Zoom.<\/h3>\n<p style=\"text-align: center;\">All parents are encouraged to attend this important meeting to have a better understanding of what Youth Rush is all about, how they and their child can be involved, and important details parents should know for this upcoming summer. Prior to this meeting we encourage all parents to read our <a href=\"https:\/\/www.youthrushcentral.com\/es\/f-a-q\/\">F.A.Q. page<\/a>, as well as watch some our inspiring <a href=\"https:\/\/youtube.com\/playlist?list=PLQfjQg88Zlscvrbs7KuceV7n7Ul08ESn_&amp;si=fcZx5fXXUq2yMNTQ\" target=\"_blank\" rel=\"noopener\">testimony videos on Youtube<\/a>.<\/p>\n<h3>La orientaci\u00f3n para padres de Youth Rush ser\u00e1 el 3 de mayo de 2026 a las 5PM por Zoom.<\/h3>\n<p>\u201cSe anima a todos los padres a asistir a esta importante reuni\u00f3n para comprender mejor de qu\u00e9 se trata Youth Rush, c\u00f3mo ellos y su hijo(a) pueden participar, y los detalles importantes que los padres deben saber para este pr\u00f3ximo verano. Antes de esta reuni\u00f3n, recomendamos a todos los padres leer nuestra p\u00e1gina de <a href=\"https:\/\/www.youthrushcentral.com\/es\/f-a-q\/\">Preguntas Frecuentes (F.A.Q.)<\/a>, as\u00ed como ver algunos de nuestros inspiradores videos de <a href=\"https:\/\/youtube.com\/playlist?list=PLQfjQg88ZlsdYayRJAU7ZKHbPIUoy_8Rr&amp;si=k8oKtFG60_QLkCJi\" target=\"_blank\" rel=\"noopener\">testimonios en YouTube<\/a>.\u201d<\/p>\n<h3 style=\"text-align: center;\">Here&#8217;s what parents of previous Youth Rush students are saying about Youth Rush&#8230;.<\/h3>\n<p style=\"text-align: center;\">(All are genuine, unsolicited responses)<\/p>\n<p><span style=\"color: #ffffff;\">-T<\/span>&#8220;Thank you for having such a neat program as the Youth Rush program. \u00a0Ashley has thoroughly\u00a0enjoyed this summer.\u00a0 I cannot think of a better way for her to mature in so many ways,\u00a0gain experience &#8216;in the world but not of the world,&#8217; earn money for school, and spread the\u00a0wonderful message of Jesus\u00a0all at the same time.\u00a0 From her reactions and comments she\u00a0been enjoying all facets of this&#8211;I hope enough so that she will want to and be willing to\u00a0it again next year&#8230;.&#8221;<\/p>\n<p style=\"padding-left: 360px;\">&#8212;Amanda, writing about her daughter<\/p>\n<p>\u201cI love watching God work to bless \u2018our kids\u2019 &amp; \u2018our\u00a0community\u2019! . . . . God is working through &amp; in these kids! It\u2019s very exciting to see\u00a0young people who love God &amp; are excited about working for Him! Thanks again.&#8221;<\/p>\n<p style=\"padding-left: 360px;\">&#8212;Dawn &amp; Devon<\/p>\n<p>\u201cEven before yesterday&#8211;it was a big day for her&#8211;she was saying she loved it and is seriously thinking about doing it next year!\u00a0 Praise God and thanks for hanging in there with her!\u00a0 She has grown much and she can see it!\u201d<\/p>\n<p style=\"padding-left: 360px;\">&#8212;Sandy, writing about her daughter<\/p>\n<p>&#8220;Samantha is still having a wonderful time. Last evening she called us after the Agape feast and had to tell us all about it. I thought it very neat how the young men surprised the girls with planning and fixing the feast. The leaders are so creative with them in doing neat things that keep them occupied and happy. We are so happy that we were led by God for Samantha to join the Youth Rush this summer. It has been a great comfort to me as a mom knowing Samantha is happy and not homesick being so far from home. This is the first time she has ever been away from us for more than a week and I haven&#8217;t even detected one ounce of homesickness in her.&#8221;<\/p>\n<p style=\"padding-left: 360px;\">&#8212;Susan, writing about her daughter<\/p>\n<p>&#8220;Of course we have yet to \u2018see\u2019 Andy first hand, but in talking with him, almost daily, and from\u00a0what you have said, we know that he has also grown in many ways over this last 10 weeks. We look\u00a0forward to seeing for ourselves what we have heard from him, that his life has changed for the better.\u00a0We hope he will choose to continue to let God lead him. Should that mean, which at this time we\u00a0hope and expect, more summers canvassing with you and your teams, we will be happy to do all that\u00a0we can to make that happen.&#8221;<\/p>\n<p style=\"padding-left: 360px;\">&#8212;Mike, writing about his son<\/p>\n<h5>&#8220;God&#8217;s purpose for the children growing up beside our hearths is wider, deeper, higher, than our restricted vision has comprehended.&#8221;<\/h5>\n<p style=\"padding-left: 360px;\">&#8212;Education, 262<\/p>\n\n\n<ul class=\"wp-block-social-links has-huge-icon-size is-style-logos-only is-content-justification-center is-layout-flex wp-container-core-social-links-is-layout-16018d1d wp-block-social-links-is-layout-flex\"><li class=\"wp-social-link wp-social-link-facebook  wp-block-social-link\"><a href=\"https:\/\/www.facebook.com\/CCCYouthrush\" class=\"wp-block-social-link-anchor\" target=\"_blank\" rel=\"noopener\"><svg width=\"24\" height=\"24\" viewbox=\"0 0 24 24\" version=\"1.1\" xmlns=\"http:\/\/www.w3.org\/2000\/svg\" aria-hidden=\"true\" focusable=\"false\"><path d=\"M12 2C6.5 2 2 6.5 2 12c0 5 3.7 9.1 8.4 9.9v-7H7.9V12h2.5V9.8c0-2.5 1.5-3.9 3.8-3.9 1.1 0 2.2.2 2.2.2v2.5h-1.3c-1.2 0-1.6.8-1.6 1.6V12h2.8l-.4 2.9h-2.3v7C18.3 21.1 22 17 22 12c0-5.5-4.5-10-10-10z\"><\/path><\/svg><span class=\"wp-block-social-link-label screen-reader-text\">Facebook<\/span><\/a><\/li>\n\n<li class=\"wp-social-link wp-social-link-youtube  wp-block-social-link\"><a href=\"https:\/\/youtube.com\/@CaliforniaYouthRushCCC?si=FeGRS44BZ0d6a0ho\" class=\"wp-block-social-link-anchor\" target=\"_blank\" rel=\"noopener\"><svg width=\"24\" height=\"24\" viewbox=\"0 0 24 24\" version=\"1.1\" xmlns=\"http:\/\/www.w3.org\/2000\/svg\" aria-hidden=\"true\" focusable=\"false\"><path d=\"M21.8,8.001c0,0-0.195-1.378-0.795-1.985c-0.76-0.797-1.613-0.801-2.004-0.847c-2.799-0.202-6.997-0.202-6.997-0.202 h-0.009c0,0-4.198,0-6.997,0.202C4.608,5.216,3.756,5.22,2.995,6.016C2.395,6.623,2.2,8.001,2.2,8.001S2,9.62,2,11.238v1.517 c0,1.618,0.2,3.237,0.2,3.237s0.195,1.378,0.795,1.985c0.761,0.797,1.76,0.771,2.205,0.855c1.6,0.153,6.8,0.201,6.8,0.201 s4.203-0.006,7.001-0.209c0.391-0.047,1.243-0.051,2.004-0.847c0.6-0.607,0.795-1.985,0.795-1.985s0.2-1.618,0.2-3.237v-1.517 C22,9.62,21.8,8.001,21.8,8.001z M9.935,14.594l-0.001-5.62l5.404,2.82L9.935,14.594z\"><\/path><\/svg><span class=\"wp-block-social-link-label screen-reader-text\">YouTube<\/span><\/a><\/li>\n\n<li class=\"wp-social-link wp-social-link-instagram  wp-block-social-link\"><a href=\"https:\/\/www.instagram.com\/yr.ccc\/\" class=\"wp-block-social-link-anchor\" target=\"_blank\" rel=\"noopener\"><svg width=\"24\" height=\"24\" viewbox=\"0 0 24 24\" version=\"1.1\" xmlns=\"http:\/\/www.w3.org\/2000\/svg\" aria-hidden=\"true\" focusable=\"false\"><path d=\"M12,4.622c2.403,0,2.688,0.009,3.637,0.052c0.877,0.04,1.354,0.187,1.671,0.31c0.42,0.163,0.72,0.358,1.035,0.673 c0.315,0.315,0.51,0.615,0.673,1.035c0.123,0.317,0.27,0.794,0.31,1.671c0.043,0.949,0.052,1.234,0.052,3.637 s-0.009,2.688-0.052,3.637c-0.04,0.877-0.187,1.354-0.31,1.671c-0.163,0.42-0.358,0.72-0.673,1.035 c-0.315,0.315-0.615,0.51-1.035,0.673c-0.317,0.123-0.794,0.27-1.671,0.31c-0.949,0.043-1.233,0.052-3.637,0.052 s-2.688-0.009-3.637-0.052c-0.877-0.04-1.354-0.187-1.671-0.31c-0.42-0.163-0.72-0.358-1.035-0.673 c-0.315-0.315-0.51-0.615-0.673-1.035c-0.123-0.317-0.27-0.794-0.31-1.671C4.631,14.688,4.622,14.403,4.622,12 s0.009-2.688,0.052-3.637c0.04-0.877,0.187-1.354,0.31-1.671c0.163-0.42,0.358-0.72,0.673-1.035 c0.315-0.315,0.615-0.51,1.035-0.673c0.317-0.123,0.794-0.27,1.671-0.31C9.312,4.631,9.597,4.622,12,4.622 M12,3 C9.556,3,9.249,3.01,8.289,3.054C7.331,3.098,6.677,3.25,6.105,3.472C5.513,3.702,5.011,4.01,4.511,4.511 c-0.5,0.5-0.808,1.002-1.038,1.594C3.25,6.677,3.098,7.331,3.054,8.289C3.01,9.249,3,9.556,3,12c0,2.444,0.01,2.751,0.054,3.711 c0.044,0.958,0.196,1.612,0.418,2.185c0.23,0.592,0.538,1.094,1.038,1.594c0.5,0.5,1.002,0.808,1.594,1.038 c0.572,0.222,1.227,0.375,2.185,0.418C9.249,20.99,9.556,21,12,21s2.751-0.01,3.711-0.054c0.958-0.044,1.612-0.196,2.185-0.418 c0.592-0.23,1.094-0.538,1.594-1.038c0.5-0.5,0.808-1.002,1.038-1.594c0.222-0.572,0.375-1.227,0.418-2.185 C20.99,14.751,21,14.444,21,12s-0.01-2.751-0.054-3.711c-0.044-0.958-0.196-1.612-0.418-2.185c-0.23-0.592-0.538-1.094-1.038-1.594 c-0.5-0.5-1.002-0.808-1.594-1.038c-0.572-0.222-1.227-0.375-2.185-0.418C14.751,3.01,14.444,3,12,3L12,3z M12,7.378 c-2.552,0-4.622,2.069-4.622,4.622S9.448,16.622,12,16.622s4.622-2.069,4.622-4.622S14.552,7.378,12,7.378z M12,15 c-1.657,0-3-1.343-3-3s1.343-3,3-3s3,1.343,3,3S13.657,15,12,15z M16.804,6.116c-0.596,0-1.08,0.484-1.08,1.08 s0.484,1.08,1.08,1.08c0.596,0,1.08-0.484,1.08-1.08S17.401,6.116,16.804,6.116z\"><\/path><\/svg><span class=\"wp-block-social-link-label screen-reader-text\">Instagram<\/span><\/a><\/li><\/ul>\n\n\n\n<p><\/p>","protected":false},"excerpt":{"rendered":"<p>Youth Rush Parent Orientation will be May 3, 2026 at 4PM via Zoom. All parents are encouraged to attend this important meeting to have a better understanding of what Youth Rush is all about, how [&hellip;]<\/p>","protected":false},"author":1,"featured_media":0,"parent":0,"menu_order":0,"comment_status":"closed","ping_status":"closed","template":"","meta":{"footnotes":""},"class_list":["post-465","page","type-page","status-publish","hentry"],"_links":{"self":[{"href":"https:\/\/www.youthrushcentral.com\/es\/wp-json\/wp\/v2\/pages\/465","targetHints":{"allow":["GET"]}}],"collection":[{"href":"https:\/\/www.youthrushcentral.com\/es\/wp-json\/wp\/v2\/pages"}],"about":[{"href":"https:\/\/www.youthrushcentral.com\/es\/wp-json\/wp\/v2\/types\/page"}],"author":[{"embeddable":true,"href":"https:\/\/www.youthrushcentral.com\/es\/wp-json\/wp\/v2\/users\/1"}],"replies":[{"embeddable":true,"href":"https:\/\/www.youthrushcentral.com\/es\/wp-json\/wp\/v2\/comments?post=465"}],"version-history":[{"count":22,"href":"https:\/\/www.youthrushcentral.com\/es\/wp-json\/wp\/v2\/pages\/465\/revisions"}],"predecessor-version":[{"id":1129,"href":"https:\/\/www.youthrushcentral.com\/es\/wp-json\/wp\/v2\/pages\/465\/revisions\/1129"}],"wp:attachment":[{"href":"https:\/\/www.youthrushcentral.com\/es\/wp-json\/wp\/v2\/media?parent=465"}],"curies":[{"name":"wp","href":"https:\/\/api.w.org\/{rel}","templated":true}]}}